{"id":4078,"date":"2023-11-08T17:29:55","date_gmt":"2023-11-08T16:29:55","guid":{"rendered":"https:\/\/www.mpompe.com\/cookie-policy\/"},"modified":"2023-11-08T17:29:55","modified_gmt":"2023-11-08T16:29:55","slug":"cookie-policy","status":"publish","type":"page","link":"https:\/\/www.mpompe.com\/en\/cookie-policy\/","title":{"rendered":"Cookie Policy"},"content":{"rendered":"<section id=\"bt_section69ddfc62d1b98\"  class=\"boldSection topSemiSpaced bottomSemiSpaced gutter boxed inherit\" ><div class=\"port\"><div class=\"boldCell\"><div class=\"boldCellInner\"><div class=\"boldRow \" ><div class=\"boldRowInner\"><div class=\"rowItem col-md-12 col-ms-12  btTextLeft\"  data-width=\"12\"><div class=\"rowItemContent\" ><div class=\"btText\" ><p> In linea con la legislazione Europea, M Pompe srl garantisce che ogni utente del sito web comprenda cosa sono i cookies e per quale motivo vengano utilizzati, in modo che gli utenti stessi possano decidere consapevolmente se accettarne l\u2019utilizzo o meno sui loro device. <strong>Cosa sono i cookie?<\/strong> I cookie sono file informatici o dati parziali che possono venire salvati sul vostro computer (o altri dispositivi abilitati alla navigazione su internet, per esempio smartphone o tablet) quando visitate un sito. Di solito un cookie contiene il nome del sito internet dal quale il cookie stesso proviene, la \u201cdurata vitale\u201d del cookie (ovvero per quanto tempo rimarr\u00e0 sul vostro dispositivo), e un valore, che di regola \u00e8 un numero unico generato in modo casuale.  <strong>Per cosa si usano i cookie?<\/strong> Si utilizzano i cookie per rendere l\u2019uso del sito pi\u00f9 semplice e per meglio adattarlo ai vostri interessi e bisogni. I cookie possono anche venire usati per velocizzare le vostre future esperienze e attivit\u00e0 sul sito. Questo sito non \u00e8 in grado di identificarvi personalmente attraverso queste informazioni.   <strong>Che tipi di cookie usiamo?<\/strong> I cookies possono essere classificati in quattro categorie, in base alle loro funzionalit\u00e0: <\/p>\n<ul>\n<li>Cookies necessari<\/li>\n<li>Cookies funzionali<\/li>\n<li>Cookies di performance<\/li>\n<li>Cookies per finalit\u00e0 di marketing (non usati)<\/li>\n<\/ul>\n<p> Il sito web M Pompe srl usa solo le prime tre categorie di cookies, per i quali non \u00e8 richiesto alcun consenso. <\/p>\n<ol>\n<li><strong>Cookies necessari:<\/strong> Questi cookies sono essenziali al fine di permettere la navigazione all\u2019interno del sito web e l\u2019utilizzo delle sue funzionalit\u00e0, come ad esempio l\u2019accesso ad alcune aree protette. Senza questi cookies, alcune funzionalit\u00e0 richieste come ad esempio il login al sito o la creazione di un carrello per lo shopping online non potrebbero essere fornite. <\/li>\n<li><strong>Cookie funzionali<\/strong>: Questi cookie consentono al sito Web di ricordare le scelte che avete effettuato ( come il vostro username, la vostra lingua o l\u2019area geografica in cui vivete ) al fine di ottimizzare e fornire funzionalit\u00e0 pi\u00f9 avanzate. Questi cookies possono inoltre essere utilizzati per fornire funzionalit\u00e0 da voi richieste come ad esempio la visualizzazione di un video o la possibilit\u00e0 di commentare un blog. Queste informazioni raccolte dai cookies possono essere anonime e non devono tracciare la navigazione e le attivit\u00e0 dell\u2019utente su altri siti web.  <\/li>\n<li><strong>Cookies di performace:<\/strong> Questi cookies raccolgono informazioni su come gli utenti utilizzano il sito web, ad esempio quali pagine vengono visitate pi\u00f9 spesso , e se gli utenti ricevono messaggi di errore da queste pagine. Questi cookies non raccolgono informazioni che identificano un visitatore specifico. Tutte le informazioni raccolte da questi cookies sono aggregate e quindi anonime. Vengono utilizzate unicamente per migliorare il funzionamento del sito web.   <\/li>\n<li><strong>Cookies per finalit\u00e0 di marketing: <\/strong>Utilizziamo i cookie nostri e di terze parti per visualizzare pubblicit\u00e0 personalizzate sul nostro e su altri siti web. Questa attivit\u00e0 \u00e8 chiamata \u201cretargeting\u201d ed \u00e8 basata sulle varie attivit\u00e0 di navigazione, come le destinazioni che hai cercato, le strutture che hai visualizzato e i prezzi che ti sono stati mostrati. I cookie commerciali potrebbero essere anche utilizzati da terze parti per mostrare i loro prodotti e servizi sul nostro sito.  <\/li>\n<\/ol>\n<p><strong>Google Analytics<\/strong> Questo sito web utilizza Google Analytics, un servizio di analisi web fornito da Google, Inc. (\u201cGoogle\u201d). Google Analytics utilizza dei \u201ccookies\u201d che sono file di testo che vengono depositati sul vostro computer per consentire al sito web di analizzare come gli utenti lo utilizzano. Le informazioni generate dal cookie sull\u2019utilizzo del sito web da parte vostra (compreso il vostro indirizzo IP) verranno trasmesse a, e depositate presso i server di Google negli Stati Uniti. Google utilizzer\u00e0 queste informazioni allo scopo di tracciare ed esaminare l\u2019utilizzo del sito web, compilare report sulle attivit\u00e0 dello stesso per gli operatori (del sito) e fornire altri servizi relativi alle attivit\u00e0 del sito web e all\u2019utilizzo di Internet. Google pu\u00f2 anche trasferire queste informazioni a terzi ove ci\u00f2 sia imposto dalla legge o laddove tali terzi trattino le suddette informazioni per conto di Google. Google non assocer\u00e0 il vostro indirizzo IP a nessun altro dato da lui posseduto. Potete rifiutarvi di usare i cookies selezionando l\u2019impostazione appropriata sul vostro browser, ma ci\u00f2 potrebbe impedirvi di utilizzare tutte le funzionalit\u00e0 del sito web. Utilizzando il presente sito web, acconsentite inoltre al trattamento dei vostri dati da parte di Google per le modalit\u00e0 e i fini sopraindicati. L\u2019utente pu\u00f2 impostare il proprio browser in modo tale da essere avvertito della presenza di un cookie e quindi decidere se accettarlo o meno, o anche, in modo che tutti i cookie vengano rifiutati automaticamente. Se si decide di rifiutare i cookie, \u00e8 peraltro possibile che non possano essere utilizzate, in tutto o in parte, certe funzionalit\u00e0 interattive offerte dal sito. I cookies di Google Analytics possono essere rifiutati secondo la procedura indicata da Google (v. https:\/\/tools.google.com\/dlpage\/gaoptout?hl=it). Pertanto, l\u2019utilizzo del sito senza rifiutare i cookies di Google, implica il consenso al trattamento dei vostri dati da parte di Google, limitatamente alle modalit\u00e0 e finalit\u00e0 sopraindicate. Per consultare l\u2019informativa privacy della societ\u00e0 Google, relativa al servizio Google Analytics, si invita a visitare il sito Internet http:\/\/www.google.com\/analytics\/learn\/privacy.html . Per conoscere le normativa sulla privacy di Google si invita invece a visitare il sito Internet http:\/\/www.google.com\/intl\/it\/privacy\/privacy-policy.html <strong>Come posso controllare o cancellare i cookie?<\/strong> La maggioranza dei browser internet sono inizialmente impostati per accettare i cookie in modo automatico. Potete modificare queste impostazioni per bloccare i cookie o per avvertirvi che dei cookie vengono mandati al vostro dispositivo. Esistono svariati modi per gestire i cookie. Vi preghiamo di fare riferimento al manuale d\u2019istruzioni o alla schermata di aiuto del vostro browser per scoprire come regolare o modificare le impostazioni del vostro browser. Se disabilitate i cookie di cui questo sito fa uso, ci\u00f2 potrebbe influenzare la vostra esperienza mentre vi trovate sul sito, per esempio potreste non essere in grado di visitare certe sezioni o non ricevere informazioni personalizzate quando visitate il sito.                   Se usate dispositivi diversi tra loro per visualizzare e accedere ai Siti Internet (per esempio, computer, smartphone, tablet, ecc.), dovrete assicurarvi che ciascun browser su ciascun dispositivo sia regolato per riflettere le vostre preferenze relative ai cookie. <strong>Per quanto tempo i cookie rimangono archiviati<\/strong> Il periodo pu\u00f2 variare in quanto i cookie possono essere di due tipi: temporanei e persistenti. <strong>\u2013 Cookie temporanei: <\/strong>Utilizziamo cookie di sessione temporanei su tutte le nostre pagine sicure per assegnare un ID sessione all\u2019utente e memorizzarlo cos\u00ec da consentire la navigazione ininterrotta tra le aree del nostro sito. Tale ID sessione viene anche utilizzato a fini di report interni, non consente l\u2019identificazione personale e non lascia alcuna informazione recuperabile sul disco rigido dell\u2019utente. Quasi tutti i cookie dei siti Web visualizzati sono cookie di sessione la cui attivit\u00e0 termina alla chiusura del browser Internet. <strong>\u2013 Cookie persistenti: <\/strong>I cookie analitici dei siti Web visualizzati e i cookie di parti terze sono persistenti in quanto vengono utilizzati per individuare gli schemi seguiti dai visitatori a lungo termine e per fornire le funzionalit\u00e0 aggiuntive richieste in relazione alla personalizzazione del sito e ai contenuti salvati o archiviati. Possono rimanere archiviati nel computer dell\u2019utente per 24 ore, una settimana o anni, in base alla funzione che stanno contribuendo a svolgere.    <strong> <\/strong><\/p>\n<p><strong>Consenso<\/strong> Continuando a utilizzare il nostro Sito Web, l\u2019utente acconsente all\u2019installazione dei nostri cookie sul suo dispositivo. Qualora l\u2019utente non desiderasse ricevere i cookie richiesti per l\u2019uso del nostro Sito Web, esso \u00e8 tenuto a: \u2013 modificare le impostazioni del browser in modo da bloccare i cookie, in modo parziale o totale \u2013 cessare di utilizzare il nostro Sito Web.  <strong> <\/strong><\/p>\n<p><strong>ALTRE RISORSE:<\/strong> Per saperne di pi\u00f9 sulla legge italiana relativa ai cookie, vedere la seguente risorsa: Garante per la protezione dei dati personali (http:\/\/www.garanteprivacy.it\/web\/guest\/home\/docweb\/-\/docweb-display\/docweb\/2142939) <\/p>\n<\/div><\/div><\/div><\/div><\/div><\/div><\/div><\/div><\/section>","protected":false},"excerpt":{"rendered":"","protected":false},"author":99,"featured_media":0,"parent":0,"menu_order":0,"comment_status":"closed","ping_status":"closed","template":"","meta":{"footnotes":""},"class_list":["post-4078","page","type-page","status-publish","hentry"],"yoast_head":"<!-- This site is optimized with the Yoast SEO plugin v21.5 - https:\/\/yoast.com\/wordpress\/plugins\/seo\/ -->\n<title>Cookie Policy - M Pompe<\/title>\n<meta name=\"robots\" content=\"index, follow, max-snippet:-1, max-image-preview:large, max-video-preview:-1\" \/>\n<link rel=\"canonical\" href=\"https:\/\/www.mpompe.com\/en\/cookie-policy\/\" \/>\n<meta property=\"og:locale\" content=\"en_US\" \/>\n<meta property=\"og:type\" content=\"article\" \/>\n<meta property=\"og:title\" content=\"Cookie Policy - M Pompe\" \/>\n<meta property=\"og:url\" content=\"https:\/\/www.mpompe.com\/en\/cookie-policy\/\" \/>\n<meta property=\"og:site_name\" content=\"M Pompe\" \/>\n<meta name=\"twitter:card\" content=\"summary_large_image\" \/>\n<meta name=\"twitter:label1\" content=\"Est. reading time\" \/>\n\t<meta name=\"twitter:data1\" content=\"7 minutes\" \/>\n<script type=\"application\/ld+json\" class=\"yoast-schema-graph\">{\"@context\":\"https:\/\/schema.org\",\"@graph\":[{\"@type\":\"WebPage\",\"@id\":\"https:\/\/www.mpompe.com\/en\/cookie-policy\/\",\"url\":\"https:\/\/www.mpompe.com\/en\/cookie-policy\/\",\"name\":\"Cookie Policy - M Pompe\",\"isPartOf\":{\"@id\":\"https:\/\/www.mpompe.com\/en\/#website\"},\"datePublished\":\"2023-11-08T16:29:55+00:00\",\"dateModified\":\"2023-11-08T16:29:55+00:00\",\"breadcrumb\":{\"@id\":\"https:\/\/www.mpompe.com\/en\/cookie-policy\/#breadcrumb\"},\"inLanguage\":\"en-US\",\"potentialAction\":[{\"@type\":\"ReadAction\",\"target\":[\"https:\/\/www.mpompe.com\/en\/cookie-policy\/\"]}]},{\"@type\":\"BreadcrumbList\",\"@id\":\"https:\/\/www.mpompe.com\/en\/cookie-policy\/#breadcrumb\",\"itemListElement\":[{\"@type\":\"ListItem\",\"position\":1,\"name\":\"Home\",\"item\":\"https:\/\/www.mpompe.com\/en\/\"},{\"@type\":\"ListItem\",\"position\":2,\"name\":\"Cookie Policy\"}]},{\"@type\":\"WebSite\",\"@id\":\"https:\/\/www.mpompe.com\/en\/#website\",\"url\":\"https:\/\/www.mpompe.com\/en\/\",\"name\":\"M Pompe\",\"description\":\"Pompe volumetriche a disco cavo oscillante\",\"publisher\":{\"@id\":\"https:\/\/www.mpompe.com\/en\/#organization\"},\"potentialAction\":[{\"@type\":\"SearchAction\",\"target\":{\"@type\":\"EntryPoint\",\"urlTemplate\":\"https:\/\/www.mpompe.com\/en\/?s={search_term_string}\"},\"query-input\":\"required name=search_term_string\"}],\"inLanguage\":\"en-US\"},{\"@type\":\"Organization\",\"@id\":\"https:\/\/www.mpompe.com\/en\/#organization\",\"name\":\"M Pompe\",\"url\":\"https:\/\/www.mpompe.com\/en\/\",\"logo\":{\"@type\":\"ImageObject\",\"inLanguage\":\"en-US\",\"@id\":\"https:\/\/www.mpompe.com\/en\/#\/schema\/logo\/image\/\",\"url\":\"https:\/\/www.mpompe.com\/wp-content\/uploads\/2023\/11\/LOGO-M-POMPE.jpg\",\"contentUrl\":\"https:\/\/www.mpompe.com\/wp-content\/uploads\/2023\/11\/LOGO-M-POMPE.jpg\",\"width\":1373,\"height\":535,\"caption\":\"M Pompe\"},\"image\":{\"@id\":\"https:\/\/www.mpompe.com\/en\/#\/schema\/logo\/image\/\"}}]}<\/script>\n<!-- \/ Yoast SEO plugin. -->","yoast_head_json":{"title":"Cookie Policy - M Pompe","robots":{"index":"index","follow":"follow","max-snippet":"max-snippet:-1","max-image-preview":"max-image-preview:large","max-video-preview":"max-video-preview:-1"},"canonical":"https:\/\/www.mpompe.com\/en\/cookie-policy\/","og_locale":"en_US","og_type":"article","og_title":"Cookie Policy - M Pompe","og_url":"https:\/\/www.mpompe.com\/en\/cookie-policy\/","og_site_name":"M Pompe","twitter_card":"summary_large_image","twitter_misc":{"Est. reading time":"7 minutes"},"schema":{"@context":"https:\/\/schema.org","@graph":[{"@type":"WebPage","@id":"https:\/\/www.mpompe.com\/en\/cookie-policy\/","url":"https:\/\/www.mpompe.com\/en\/cookie-policy\/","name":"Cookie Policy - M Pompe","isPartOf":{"@id":"https:\/\/www.mpompe.com\/en\/#website"},"datePublished":"2023-11-08T16:29:55+00:00","dateModified":"2023-11-08T16:29:55+00:00","breadcrumb":{"@id":"https:\/\/www.mpompe.com\/en\/cookie-policy\/#breadcrumb"},"inLanguage":"en-US","potentialAction":[{"@type":"ReadAction","target":["https:\/\/www.mpompe.com\/en\/cookie-policy\/"]}]},{"@type":"BreadcrumbList","@id":"https:\/\/www.mpompe.com\/en\/cookie-policy\/#breadcrumb","itemListElement":[{"@type":"ListItem","position":1,"name":"Home","item":"https:\/\/www.mpompe.com\/en\/"},{"@type":"ListItem","position":2,"name":"Cookie Policy"}]},{"@type":"WebSite","@id":"https:\/\/www.mpompe.com\/en\/#website","url":"https:\/\/www.mpompe.com\/en\/","name":"M Pompe","description":"Pompe volumetriche a disco cavo oscillante","publisher":{"@id":"https:\/\/www.mpompe.com\/en\/#organization"},"potentialAction":[{"@type":"SearchAction","target":{"@type":"EntryPoint","urlTemplate":"https:\/\/www.mpompe.com\/en\/?s={search_term_string}"},"query-input":"required name=search_term_string"}],"inLanguage":"en-US"},{"@type":"Organization","@id":"https:\/\/www.mpompe.com\/en\/#organization","name":"M Pompe","url":"https:\/\/www.mpompe.com\/en\/","logo":{"@type":"ImageObject","inLanguage":"en-US","@id":"https:\/\/www.mpompe.com\/en\/#\/schema\/logo\/image\/","url":"https:\/\/www.mpompe.com\/wp-content\/uploads\/2023\/11\/LOGO-M-POMPE.jpg","contentUrl":"https:\/\/www.mpompe.com\/wp-content\/uploads\/2023\/11\/LOGO-M-POMPE.jpg","width":1373,"height":535,"caption":"M Pompe"},"image":{"@id":"https:\/\/www.mpompe.com\/en\/#\/schema\/logo\/image\/"}}]}},"_links":{"self":[{"href":"https:\/\/www.mpompe.com\/en\/wp-json\/wp\/v2\/pages\/4078","targetHints":{"allow":["GET"]}}],"collection":[{"href":"https:\/\/www.mpompe.com\/en\/wp-json\/wp\/v2\/pages"}],"about":[{"href":"https:\/\/www.mpompe.com\/en\/wp-json\/wp\/v2\/types\/page"}],"author":[{"embeddable":true,"href":"https:\/\/www.mpompe.com\/en\/wp-json\/wp\/v2\/users\/99"}],"replies":[{"embeddable":true,"href":"https:\/\/www.mpompe.com\/en\/wp-json\/wp\/v2\/comments?post=4078"}],"version-history":[{"count":0,"href":"https:\/\/www.mpompe.com\/en\/wp-json\/wp\/v2\/pages\/4078\/revisions"}],"wp:attachment":[{"href":"https:\/\/www.mpompe.com\/en\/wp-json\/wp\/v2\/media?parent=4078"}],"curies":[{"name":"wp","href":"https:\/\/api.w.org\/{rel}","templated":true}]}}